{"id":1000,"date":"2018-03-18T07:57:46","date_gmt":"2018-03-18T04:57:46","guid":{"rendered":"https:\/\/www.sezamuh.com.tr\/?page_id=1000"},"modified":"2018-03-18T20:52:49","modified_gmt":"2018-03-18T17:52:49","slug":"memberships","status":"publish","type":"page","link":"https:\/\/www.sezamuh.com.tr\/en\/memberships\/","title":{"rendered":"Memberships"},"content":{"rendered":"<p>[vc_row][vc_column][vc_empty_space][\/vc_column][\/vc_row][vc_row][vc_column][skela_heading heading_title=&#8221;Memberships&#8221;][\/vc_column][\/vc_row][vc_row][vc_column width=&#8221;1\/3&#8243;][vc_column_text]T\u00fcrk M\u00fc\u015favir M\u00fchendisler ve Mimarlar Birli\u011fi (TMMMB)<\/p>\n<p>T\u00fcrk Yap\u0131sal \u00c7elik Derne\u011fi (TUCSA)<\/p>\n<p>TMMOB \u0130n\u015faat M\u00fchendisleri Odas\u0131<\/p>\n<p>TMMOB Mimarlar Odas\u0131<\/p>\n<p>TMMOB \u00c7evre M\u00fchendisleri Odas\u0131<\/p>\n<p>Nicole Network for Industrially Co-ordinated Sustainable Land Management in Europe[\/vc_column_text][\/vc_column][vc_column width=&#8221;2\/3&#8243;][vc_media_grid item=&#8221;masonryMedia_Default&#8221; grid_id=&#8221;vc_gid:1521395515081-558bfc3f-5d1b-4&#8243; include=&#8221;463,464,465,466,467,468&#8243;][\/vc_column][\/vc_row][vc_row][vc_column][vc_empty_space][\/vc_column][\/vc_row]<\/p>\n","protected":false},"excerpt":{"rendered":"<p>[vc_row][vc_column][vc_empty_space][\/vc_column][\/vc_row][vc_row][vc_column][skela_heading heading_title=&#8221;Memberships&#8221;][\/vc_column][\/vc_row][vc_row][vc_column width=&#8221;1\/3&#8243;][vc_column_text]T\u00fcrk M\u00fc\u015favir M\u00fchendisler ve Mimarlar Birli\u011fi (TMMMB) T\u00fcrk Yap\u0131sal \u00c7elik Derne\u011fi (TUCSA) TMMOB \u0130n\u015faat M\u00fchendisleri Odas\u0131 TMMOB Mimarlar Odas\u0131 TMMOB \u00c7evre M\u00fchendisleri Odas\u0131 Nicole Network for Industrially Co-ordinated Sustainable Land Management in Europe[\/vc_column_text][\/vc_column][vc_column width=&#8221;2\/3&#8243;][vc_media_grid item=&#8221;masonryMedia_Default&#8221; grid_id=&#8221;vc_gid:1521395515081-558bfc3f-5d1b-4&#8243; include=&#8221;463,464,465,466,467,468&#8243;][\/vc_column][\/vc_row][vc_row][vc_column][vc_empty_space][\/vc_column][\/vc_row]<\/p>\n","protected":false},"author":1,"featured_media":0,"parent":0,"menu_order":0,"comment_status":"closed","ping_status":"closed","template":"","meta":{"footnotes":""},"class_list":["post-1000","page","type-page","status-publish","hentry"],"_links":{"self":[{"href":"https:\/\/www.sezamuh.com.tr\/en\/wp-json\/wp\/v2\/pages\/1000","targetHints":{"allow":["GET"]}}],"collection":[{"href":"https:\/\/www.sezamuh.com.tr\/en\/wp-json\/wp\/v2\/pages"}],"about":[{"href":"https:\/\/www.sezamuh.com.tr\/en\/wp-json\/wp\/v2\/types\/page"}],"author":[{"embeddable":true,"href":"https:\/\/www.sezamuh.com.tr\/en\/wp-json\/wp\/v2\/users\/1"}],"replies":[{"embeddable":true,"href":"https:\/\/www.sezamuh.com.tr\/en\/wp-json\/wp\/v2\/comments?post=1000"}],"version-history":[{"count":2,"href":"https:\/\/www.sezamuh.com.tr\/en\/wp-json\/wp\/v2\/pages\/1000\/revisions"}],"predecessor-version":[{"id":1238,"href":"https:\/\/www.sezamuh.com.tr\/en\/wp-json\/wp\/v2\/pages\/1000\/revisions\/1238"}],"wp:attachment":[{"href":"https:\/\/www.sezamuh.com.tr\/en\/wp-json\/wp\/v2\/media?parent=1000"}],"curies":[{"name":"wp","href":"https:\/\/api.w.org\/{rel}","templated":true}]}}